{"id":13,"date":"2025-12-01T11:25:17","date_gmt":"2025-12-01T11:25:17","guid":{"rendered":"https:\/\/liekkilinssi.fi\/?page_id=13"},"modified":"2025-12-04T11:50:17","modified_gmt":"2025-12-04T11:50:17","slug":"etusivu","status":"publish","type":"page","link":"https:\/\/liekkilinssi.fi\/","title":{"rendered":"Etusivu"},"content":{"rendered":"\t\t<div data-elementor-type=\"wp-page\" data-elementor-id=\"13\" class=\"elementor elementor-13\">\n\t\t\t\t<div class=\"elementor-element elementor-element-64e5549 e-flex e-con-boxed e-con e-parent\" data-id=\"64e5549\" data-element_type=\"container\" data-e-type=\"container\">\n\t\t\t\t\t<div class=\"e-con-inner\">\n\t\t\t\t<div class=\"elementor-element elementor-element-203bfc8 elementor-widget elementor-widget-text-editor\" data-id=\"203bfc8\" data-element_type=\"widget\" data-e-type=\"widget\" data-widget_type=\"text-editor.default\">\n\t\t\t\t\t\t\t\t\t<p><a href=\"https:\/\/liekkilinssi.fi\/\">ETUSIVU<\/a> \u00a0 <a href=\"https:\/\/liekkilinssi.fi\/index.php\/elementor-sivu-126\/\">KUVIA<\/a> \u00a0 <a href=\"https:\/\/liekkilinssi.fi\/index.php\/elementor-sivu-235\/\">MINUSTA<\/a><\/p>\t\t\t\t\t\t\t\t<\/div>\n\t\t\t\t\t<\/div>\n\t\t\t\t<\/div>\n\t\t<div class=\"elementor-element elementor-element-6b60b0a e-con-full e-flex e-con e-parent\" data-id=\"6b60b0a\" data-element_type=\"container\" data-e-type=\"container\" data-settings=\"{&quot;background_background&quot;:&quot;classic&quot;}\">\n\t\t\t\t<div class=\"elementor-element elementor-element-db8f905 elementor-widget elementor-widget-heading\" data-id=\"db8f905\" data-element_type=\"widget\" data-e-type=\"widget\" data-widget_type=\"heading.default\">\n\t\t\t\t\t<h2 class=\"elementor-heading-title elementor-size-default\">LiekkiLinssi<\/h2>\t\t\t\t<\/div>\n\t\t\t\t<div class=\"elementor-element elementor-element-7f3aaeb elementor-widget__width-initial elementor-widget-mobile__width-initial elementor-widget elementor-widget-heading\" data-id=\"7f3aaeb\" data-element_type=\"widget\" data-e-type=\"widget\" data-widget_type=\"heading.default\">\n\t\t\t\t\t<h2 class=\"elementor-heading-title elementor-size-default\"><div style=\"font-weight: 400;font-family: sans-serif\">Aitoja kuvia pajoilta.&nbsp;<\/div><div style=\"font-weight: 400;font-family: sans-serif\">Ei poseerauksia ja keskeytyksi\u00e4<\/div><div style=\"font-weight: 400;font-family: sans-serif\">&nbsp;\u2013 vain tunnelma ja k\u00e4denj\u00e4lki.<span style=\"font-family: Roboto, sans-serif;font-weight: 600\"><\/span><\/div><br><br><\/h2>\t\t\t\t<\/div>\n\t\t\t\t<div class=\"elementor-element elementor-element-3c908d4 elementor-widget elementor-widget-heading\" data-id=\"3c908d4\" data-element_type=\"widget\" data-e-type=\"widget\" data-widget_type=\"heading.default\">\n\t\t\t\t\t<h2 class=\"elementor-heading-title elementor-size-default\">Kuka olen<\/h2>\t\t\t\t<\/div>\n\t\t\t\t<div class=\"elementor-element elementor-element-f06f869 elementor-widget elementor-widget-text-editor\" data-id=\"f06f869\" data-element_type=\"widget\" data-e-type=\"widget\" data-widget_type=\"text-editor.default\">\n\t\t\t\t\t\t\t\t\t<p>Olen Kari Rinta-Rahko, valmistun kev\u00e4\u00e4ll\u00e4 2026 metallialan artesaaniksi. Intohimoni l\u00f6ytyy valokuvauksesta ja olen erikoistunut pajakuvauksiin.<\/p><p>Kuvatessani keskityn aitoihin hetkiin \u2013 liekkeihin, kipin\u00f6ihin ja k\u00e4sity\u00f6n tunnelmaan. Ei lavasteita, ei poseerausta, vain se hetki sellaisenaan.<\/p><p>Tavoitteeni on taltioida tekemist\u00e4 ja projektien edistymist\u00e4, ilman ett\u00e4 ty\u00f6t h\u00e4iriintyv\u00e4t.<\/p><p>Tervetuloa tutustumaan t\u00f6ihini.<\/p>\t\t\t\t\t\t\t\t<\/div>\n\t\t\t\t<\/div>\n\t\t<div class=\"elementor-element elementor-element-67aa0fa e-flex e-con-boxed e-con e-parent\" data-id=\"67aa0fa\" data-element_type=\"container\" data-e-type=\"container\">\n\t\t\t\t\t<div class=\"e-con-inner\">\n\t\t\t\t<div class=\"elementor-element elementor-element-1f58f6a elementor-widget elementor-widget-text-editor\" data-id=\"1f58f6a\" data-element_type=\"widget\" data-e-type=\"widget\" data-widget_type=\"text-editor.default\">\n\t\t\t\t\t\t\t\t\t<pre><code class=\"language-text\">\u00a9 2025 LiekkiLinssi \u2013 Kari Rinta-Rahko\nkari@liekkilinssi.fi \nInstagram \u2022 <a href=\"https:\/\/www.instagram.com\/liekkilinssi\/\">LiekkiLinssi<\/a><\/code><\/pre>\t\t\t\t\t\t\t\t<\/div>\n\t\t\t\t\t<\/div>\n\t\t\t\t<\/div>\n\t\t\t\t<\/div>\n\t\t","protected":false},"excerpt":{"rendered":"<p>ETUSIVU \u00a0 KUVIA \u00a0 MINUSTA LiekkiLinssi Aitoja kuvia pajoilta.&nbsp;Ei poseerauksia ja keskeytyksi\u00e4&nbsp;\u2013 vain tunnelma ja k\u00e4denj\u00e4lki. Kuka olen Olen Kari Rinta-Rahko, valmistun kev\u00e4\u00e4ll\u00e4 2026 metallialan artesaaniksi. Intohimoni l\u00f6ytyy valokuvauksesta ja olen erikoistunut pajakuvauksiin. Kuvatessani keskityn aitoihin hetkiin \u2013 liekkeihin, kipin\u00f6ihin ja k\u00e4sity\u00f6n tunnelmaan. Ei lavasteita, ei poseerausta, vain se hetki sellaisenaan. Tavoitteeni on taltioida tekemist\u00e4 [&hellip;]<\/p>\n","protected":false},"author":1,"featured_media":0,"parent":0,"menu_order":0,"comment_status":"closed","ping_status":"closed","template":"elementor_canvas","meta":{"footnotes":""},"class_list":["post-13","page","type-page","status-publish","hentry"],"_links":{"self":[{"href":"https:\/\/liekkilinssi.fi\/index.php\/wp-json\/wp\/v2\/pages\/13","targetHints":{"allow":["GET"]}}],"collection":[{"href":"https:\/\/liekkilinssi.fi\/index.php\/wp-json\/wp\/v2\/pages"}],"about":[{"href":"https:\/\/liekkilinssi.fi\/index.php\/wp-json\/wp\/v2\/types\/page"}],"author":[{"embeddable":true,"href":"https:\/\/liekkilinssi.fi\/index.php\/wp-json\/wp\/v2\/users\/1"}],"replies":[{"embeddable":true,"href":"https:\/\/liekkilinssi.fi\/index.php\/wp-json\/wp\/v2\/comments?post=13"}],"version-history":[{"count":191,"href":"https:\/\/liekkilinssi.fi\/index.php\/wp-json\/wp\/v2\/pages\/13\/revisions"}],"predecessor-version":[{"id":494,"href":"https:\/\/liekkilinssi.fi\/index.php\/wp-json\/wp\/v2\/pages\/13\/revisions\/494"}],"wp:attachment":[{"href":"https:\/\/liekkilinssi.fi\/index.php\/wp-json\/wp\/v2\/media?parent=13"}],"curies":[{"name":"wp","href":"https:\/\/api.w.org\/{rel}","templated":true}]}}