{"id":235,"date":"2025-12-02T12:22:15","date_gmt":"2025-12-02T12:22:15","guid":{"rendered":"https:\/\/liekkilinssi.fi\/?page_id=235"},"modified":"2025-12-04T11:50:02","modified_gmt":"2025-12-04T11:50:02","slug":"elementor-sivu-235","status":"publish","type":"page","link":"https:\/\/liekkilinssi.fi\/index.php\/elementor-sivu-235\/","title":{"rendered":"Minusta"},"content":{"rendered":"\t\t<div data-elementor-type=\"wp-page\" data-elementor-id=\"235\" class=\"elementor elementor-235\">\n\t\t\t\t<div class=\"elementor-element elementor-element-cc67a6b e-flex e-con-boxed e-con e-parent\" data-id=\"cc67a6b\" data-element_type=\"container\" data-e-type=\"container\">\n\t\t\t\t\t<div class=\"e-con-inner\">\n\t\t\t\t<div class=\"elementor-element elementor-element-bda7a40 elementor-widget elementor-widget-text-editor\" data-id=\"bda7a40\" data-element_type=\"widget\" data-e-type=\"widget\" data-widget_type=\"text-editor.default\">\n\t\t\t\t\t\t\t\t\t<p><a href=\"https:\/\/liekkilinssi.fi\/\">ETUSIVU<\/a> \u00a0 <a href=\"https:\/\/liekkilinssi.fi\/index.php\/elementor-sivu-126\/\">KUVIA<\/a> \u00a0 <a href=\"https:\/\/liekkilinssi.fi\/index.php\/elementor-sivu-235\/\">MINUSTA<\/a><\/p>\t\t\t\t\t\t\t\t<\/div>\n\t\t\t\t\t<\/div>\n\t\t\t\t<\/div>\n\t\t<div class=\"elementor-element elementor-element-36a5731 e-flex e-con-boxed e-con e-parent\" data-id=\"36a5731\" data-element_type=\"container\" data-e-type=\"container\">\n\t\t\t\t\t<div class=\"e-con-inner\">\n\t\t<div class=\"elementor-element elementor-element-91a2ebf e-con-full e-flex e-con e-child\" data-id=\"91a2ebf\" data-element_type=\"container\" data-e-type=\"container\">\n\t\t\t\t<div class=\"elementor-element elementor-element-a98fa6c elementor-widget elementor-widget-heading\" data-id=\"a98fa6c\" data-element_type=\"widget\" data-e-type=\"widget\" data-widget_type=\"heading.default\">\n\t\t\t\t\t<h2 class=\"elementor-heading-title elementor-size-default\">Minusta<\/h2>\t\t\t\t<\/div>\n\t\t\t\t<\/div>\n\t\t\t\t\t<\/div>\n\t\t\t\t<\/div>\n\t\t<div class=\"elementor-element elementor-element-5b32405 e-flex e-con-boxed e-con e-parent\" data-id=\"5b32405\" data-element_type=\"container\" data-e-type=\"container\">\n\t\t\t\t\t<div class=\"e-con-inner\">\n\t\t<div class=\"elementor-element elementor-element-aed4c5b e-con-full e-flex e-con e-child\" data-id=\"aed4c5b\" data-element_type=\"container\" data-e-type=\"container\">\n\t\t\t\t<div class=\"elementor-element elementor-element-b2565e5 elementor-widget__width-initial elementor-widget elementor-widget-image\" data-id=\"b2565e5\" data-element_type=\"widget\" data-e-type=\"widget\" data-widget_type=\"image.default\">\n\t\t\t\t\t\t\t\t\t\t\t\t\t\t\t<img fetchpriority=\"high\" decoding=\"async\" width=\"683\" height=\"1024\" src=\"https:\/\/liekkilinssi.fi\/wp-content\/uploads\/2025\/12\/SyksynlopputyoSuunnittelu-133-683x1024.jpg\" class=\"attachment-large size-large wp-image-240\" alt=\"\" srcset=\"https:\/\/liekkilinssi.fi\/wp-content\/uploads\/2025\/12\/SyksynlopputyoSuunnittelu-133-683x1024.jpg 683w, https:\/\/liekkilinssi.fi\/wp-content\/uploads\/2025\/12\/SyksynlopputyoSuunnittelu-133-200x300.jpg 200w, https:\/\/liekkilinssi.fi\/wp-content\/uploads\/2025\/12\/SyksynlopputyoSuunnittelu-133.jpg 756w\" sizes=\"(max-width: 683px) 100vw, 683px\" \/>\t\t\t\t\t\t\t\t\t\t\t\t\t\t\t<\/div>\n\t\t\t\t<\/div>\n\t\t<div class=\"elementor-element elementor-element-4d770bc e-con-full e-flex e-con e-child\" data-id=\"4d770bc\" data-element_type=\"container\" data-e-type=\"container\">\n\t\t\t\t<div class=\"elementor-element elementor-element-22e3dd9 elementor-widget__width-initial elementor-widget elementor-widget-text-editor\" data-id=\"22e3dd9\" data-element_type=\"widget\" data-e-type=\"widget\" data-widget_type=\"text-editor.default\">\n\t\t\t\t\t\t\t\t\t<div><span class=\"css-1jxf684 r-bcqeeo r-1ttztb7 r-qvutc0 r-poiln3 r-1adg3ll r-1g7jtus r-1x3r274\"><span class=\"css-1jxf684 r-bcqeeo r-1ttztb7 r-qvutc0 r-poiln3\"><span class=\"css-1jxf684 r-bcqeeo r-1ttztb7 r-qvutc0 r-poiln3 r-1x3r274\">Olen Kari Rinta-Rahko, metallialan artesaaniksi opiskeleva valokuvaaja.<\/span><\/span><\/span><\/div><div><span class=\"css-1jxf684 r-bcqeeo r-1ttztb7 r-qvutc0 r-poiln3 r-1adg3ll r-1g7jtus r-1x3r274\"><span class=\"css-1jxf684 r-bcqeeo r-1ttztb7 r-qvutc0 r-poiln3\"><span class=\"css-1jxf684 r-bcqeeo r-1ttztb7 r-qvutc0 r-poiln3 r-1x3r274\">\u00a0<\/span><\/span><\/span><\/div><div><span class=\"css-1jxf684 r-bcqeeo r-1ttztb7 r-qvutc0 r-poiln3 r-1adg3ll r-1g7jtus r-1x3r274\"><span class=\"css-1jxf684 r-bcqeeo r-1ttztb7 r-qvutc0 r-poiln3\"><span class=\"css-1jxf684 r-bcqeeo r-1ttztb7 r-qvutc0 r-poiln3 r-1x3r274\">Tunnen pajojen arjen ja ty\u00f6turvallisuuden, joten liikun tiloissa luontevasti. Kuvaan ty\u00f6n lomassa \u2013 en keskeyt\u00e4 tekemist\u00e4, en ohjaa tai j\u00e4rjest\u00e4 mit\u00e4\u00e4n. Olen vain paikalla ja tallennan sen, mit\u00e4 oikeasti tapahtuu: k\u00e4det, ty\u00f6kalut, kipin\u00e4t ja keskittyminen.<\/span><\/span><\/span><\/div><div><span class=\"css-1jxf684 r-bcqeeo r-1ttztb7 r-qvutc0 r-poiln3 r-1adg3ll r-1g7jtus r-1x3r274\"><span class=\"css-1jxf684 r-bcqeeo r-1ttztb7 r-qvutc0 r-poiln3\"><span class=\"css-1jxf684 r-bcqeeo r-1ttztb7 r-qvutc0 r-poiln3 r-1x3r274\">\u00a0<\/span><\/span><\/span><\/div><div><span class=\"css-1jxf684 r-bcqeeo r-1ttztb7 r-qvutc0 r-poiln3 r-1adg3ll r-1g7jtus r-1x3r274\"><span class=\"css-1jxf684 r-bcqeeo r-1ttztb7 r-qvutc0 r-poiln3\"><span class=\"css-1jxf684 r-bcqeeo r-1ttztb7 r-qvutc0 r-poiln3 r-1x3r274\">LiekkiLinssi on kouluprojektini, jossa kehit\u00e4n palvelua, joka tuo tekij\u00f6iden osaamisen ja ty\u00f6n n\u00e4kyviin. Etsin p\u00e4\u00e4kaupunkiseudulta muutamia pilottikohteita: pajoja ja tekij\u00f6it\u00e4, jotka haluavat aitoja kuvia omasta ty\u00f6st\u00e4\u00e4n.<\/span><\/span><\/span><\/div><div><span class=\"css-1jxf684 r-bcqeeo r-1ttztb7 r-qvutc0 r-poiln3 r-1adg3ll r-1g7jtus r-1x3r274\"><span class=\"css-1jxf684 r-bcqeeo r-1ttztb7 r-qvutc0 r-poiln3\"><span class=\"css-1jxf684 r-bcqeeo r-1ttztb7 r-qvutc0 r-poiln3 r-1x3r274\">\u00a0<\/span><\/span><\/span><\/div><div><span class=\"css-1jxf684 r-bcqeeo r-1ttztb7 r-qvutc0 r-poiln3 r-1adg3ll r-1g7jtus r-1x3r274\"><span class=\"css-1jxf684 r-bcqeeo r-1ttztb7 r-qvutc0 r-poiln3\"><span class=\"css-1jxf684 r-bcqeeo r-1ttztb7 r-qvutc0 r-poiln3 r-1x3r274\">Jos sinulla on paikka, jossa k\u00e4den taidot ovat arjessa l\u00e4sn\u00e4, tulen mielell\u00e4ni kuvaamaan.<\/span><\/span><\/span><\/div><div><span class=\"css-1jxf684 r-bcqeeo r-1ttztb7 r-qvutc0 r-poiln3 r-1adg3ll r-1g7jtus r-1x3r274\"><span class=\"css-1jxf684 r-bcqeeo r-1ttztb7 r-qvutc0 r-poiln3\"><span class=\"css-1jxf684 r-bcqeeo r-1ttztb7 r-qvutc0 r-poiln3 r-1x3r274\">\u00a0<\/span><\/span><\/span><\/div><div><span class=\"css-1jxf684 r-bcqeeo r-1ttztb7 r-qvutc0 r-poiln3 r-1adg3ll r-1g7jtus r-1x3r274\"><span class=\"css-1jxf684 r-bcqeeo r-1ttztb7 r-qvutc0 r-poiln3\"><span class=\"css-1jxf684 r-bcqeeo r-1ttztb7 r-qvutc0 r-poiln3 r-1x3r274\">Ota yhteytt\u00e4: kari@liekkilinssi.fi<\/span><br \/><span class=\"css-1jxf684 r-bcqeeo r-1ttztb7 r-qvutc0 r-poiln3 r-1x3r274\">Laita viesti\u00e4, niin sovitaan.<\/span><\/span><\/span><\/div>\t\t\t\t\t\t\t\t<\/div>\n\t\t\t\t<\/div>\n\t\t\t\t\t<\/div>\n\t\t\t\t<\/div>\n\t\t<div class=\"elementor-element elementor-element-85feb43 e-flex e-con-boxed e-con e-parent\" data-id=\"85feb43\" data-element_type=\"container\" data-e-type=\"container\">\n\t\t\t\t\t<div class=\"e-con-inner\">\n\t\t\t\t<div class=\"elementor-element elementor-element-3d2da8c elementor-widget elementor-widget-text-editor\" data-id=\"3d2da8c\" data-element_type=\"widget\" data-e-type=\"widget\" data-widget_type=\"text-editor.default\">\n\t\t\t\t\t\t\t\t\t<pre><code class=\"language-text\">\u00a9 2025 LiekkiLinssi&nbsp;<\/code><br><code class=\"language-text\">Kari Rinta-Rahko\nkari@liekkilinssi.fi \nInstagram \u2022 <a href=\"https:\/\/www.instagram.com\/liekkilinssi\/\">LiekkiLinssi<\/a><\/code><\/pre>\t\t\t\t\t\t\t\t<\/div>\n\t\t\t\t\t<\/div>\n\t\t\t\t<\/div>\n\t\t\t\t<\/div>\n\t\t","protected":false},"excerpt":{"rendered":"<p>ETUSIVU \u00a0 KUVIA \u00a0 MINUSTA Minusta Olen Kari Rinta-Rahko, metallialan artesaaniksi opiskeleva valokuvaaja.\u00a0Tunnen pajojen arjen ja ty\u00f6turvallisuuden, joten liikun tiloissa luontevasti. Kuvaan ty\u00f6n lomassa \u2013 en keskeyt\u00e4 tekemist\u00e4, en ohjaa tai j\u00e4rjest\u00e4 mit\u00e4\u00e4n. Olen vain paikalla ja tallennan sen, mit\u00e4 oikeasti tapahtuu: k\u00e4det, ty\u00f6kalut, kipin\u00e4t ja keskittyminen.\u00a0LiekkiLinssi on kouluprojektini, jossa kehit\u00e4n palvelua, joka tuo tekij\u00f6iden [&hellip;]<\/p>\n","protected":false},"author":1,"featured_media":0,"parent":0,"menu_order":0,"comment_status":"closed","ping_status":"closed","template":"elementor_canvas","meta":{"footnotes":""},"class_list":["post-235","page","type-page","status-publish","hentry"],"_links":{"self":[{"href":"https:\/\/liekkilinssi.fi\/index.php\/wp-json\/wp\/v2\/pages\/235","targetHints":{"allow":["GET"]}}],"collection":[{"href":"https:\/\/liekkilinssi.fi\/index.php\/wp-json\/wp\/v2\/pages"}],"about":[{"href":"https:\/\/liekkilinssi.fi\/index.php\/wp-json\/wp\/v2\/types\/page"}],"author":[{"embeddable":true,"href":"https:\/\/liekkilinssi.fi\/index.php\/wp-json\/wp\/v2\/users\/1"}],"replies":[{"embeddable":true,"href":"https:\/\/liekkilinssi.fi\/index.php\/wp-json\/wp\/v2\/comments?post=235"}],"version-history":[{"count":78,"href":"https:\/\/liekkilinssi.fi\/index.php\/wp-json\/wp\/v2\/pages\/235\/revisions"}],"predecessor-version":[{"id":491,"href":"https:\/\/liekkilinssi.fi\/index.php\/wp-json\/wp\/v2\/pages\/235\/revisions\/491"}],"wp:attachment":[{"href":"https:\/\/liekkilinssi.fi\/index.php\/wp-json\/wp\/v2\/media?parent=235"}],"curies":[{"name":"wp","href":"https:\/\/api.w.org\/{rel}","templated":true}]}}